{"id":893,"date":"2018-07-14T09:54:34","date_gmt":"2018-07-14T08:54:34","guid":{"rendered":"http:\/\/mayor25.com\/noticias\/?page_id=893"},"modified":"2023-06-13T14:12:42","modified_gmt":"2023-06-13T13:12:42","slug":"politica-de-cookies","status":"publish","type":"page","link":"https:\/\/mayor25.com\/noticias\/politica-de-cookies\/","title":{"rendered":"Pol\u00edtica de Cookies"},"content":{"rendered":"<div class=\"flex_column av_one_full  flex_column_div av-zero-column-padding first  \" style='border-radius:0px; '><p><div style='padding-bottom:10px;' class='av-special-heading av-special-heading-h2    '><h2 class='av-special-heading-tag '  itemprop=\"headline\"  >Pol\u00edtica de Cookies<\/h2><div class='special-heading-border'><div class='special-heading-inner-border' ><\/div><\/div><\/div><br \/>\n<div style='height:20px' class='hr hr-invisible  '><span class='hr-inner ' ><span class='hr-inner-style'><\/span><\/span><\/div><\/p><\/div>\n<div class=\"flex_column av_one_full  flex_column_div av-zero-column-padding first  \" style='border-radius:0px; '><section class=\"av_textblock_section \"  itemscope=\"itemscope\" itemtype=\"https:\/\/schema.org\/CreativeWork\" ><div class='avia_textblock  '   itemprop=\"text\" ><p>Desde Numism\u00e1tica Mayor 25 apostamos por la transparencia sobre el modo en que utilizamos tu informaci\u00f3n. Por eso esta pol\u00edtica proporciona informaci\u00f3n detallada sobre c\u00f3mo y cu\u00e1ndo utilizamos cookies.<\/p>\n<p>Una cookie es un fichero que se descarga en su ordenador al acceder a determinadas p\u00e1ginas web. Las cookies permiten a una p\u00e1gina web, entre otras cosas, almacenar y recuperar informaci\u00f3n sobre los h\u00e1bitos de navegaci\u00f3n de un usuario o de su equipo y, dependiendo de la informaci\u00f3n que contengan y de la forma en que utilice su equipo, pueden utilizarse para reconocer al usuario.<\/p>\n<p>Por ejemplo, nuestros partners recoger\u00e1n datos y usar\u00e1n cookies para ofrecerle anuncios personalizados y medir el rendimiento.<\/p>\n<h2>\u00bfQu\u00e9 tipos de cookies se utilizan en esta p\u00e1gina web?<\/h2>\n<p>Al acceder a nuestra web se le informa que si sigue navegando se le instalar\u00e1n diversas cookies propias y de\u00a0<strong>terceros.<\/strong><\/p>\n<p>Las cookies que utiliza esta p\u00e1gina web son en su mayor\u00eda propias, es decir, se env\u00edan al equipo terminal del usuario desde el dominio gestionado por el propio editor de este site y a trav\u00e9s del cual se presta el servicio solicitado por el usuario, son estrictamente necesarias para prestar los servicios solicitados por los usuarios y permitir la comunicaci\u00f3n entre el equipo del usuario y la red.<\/p>\n<p>Esta web utiliza servicios de an\u00e1lisis de la web (a modo de ejemplo: <em>Google Analytics o herramientas similares)<\/em> para ayudar a los administradores del sitio web a analizar el uso que hacen los Usuarios del portal y mejorar la usabilidad del mismo, pero en ning\u00fan caso se asocian a datos que pudieran llegar a identificar al usuario.<\/p>\n<p>La informaci\u00f3n obtenida por las cookies es tratada s\u00f3lo por el Prestador.<\/p>\n<p>Estas cookies se emplean con la exclusiva finalidad de:<\/p>\n<ul>\n<li>de entrada del usuario<\/li>\n<li>de sesi\u00f3n de autenticaci\u00f3n o identificaci\u00f3n del usuario<\/li>\n<li>de seguridad del usuario<\/li>\n<li>de sesi\u00f3n de reproductor multimedia<\/li>\n<li>de sesi\u00f3n para equilibrar la carga<\/li>\n<li>de personalizaci\u00f3n de la interfaz de usuario<\/li>\n<li>de complemento (plug-in) para intercambiar contenidos sociales<\/li>\n<li>para rellenar los formularios<\/li>\n<\/ul>\n<p>Todas ellas\u00a0<strong>est\u00e1n exentas de la obligaci\u00f3n de informar<\/strong>\u00a0y obtener el consentimiento de los usuarios.<\/p>\n<h3><strong>Cookies de terceros:<\/strong><\/h3>\n<p>En diversas secciones de nuestra web se podr\u00e1n instalar cookies de\u00a0<strong>terceros<\/strong>\u00a0correspondientes a redes sociales para compartir contenido , estas cookies tiene su propia pol\u00edtica de privacidad, en concreto las siguientes:<\/p>\n<ul>\n<li>Cookie de Twitter, seg\u00fan lo dispuesto en su pol\u00edtica de privacidad y uso de cookies.<\/li>\n<li>Cookie de Facebook, seg\u00fan lo dispuesto en supol\u00edtica de cookies.<\/li>\n<li>Cookie de Google+, Youtube y Google Maps, seg\u00fan lo dispuesto en su p\u00e1gina sobre qu\u00e9tipo de cookies utilizan<\/li>\n<\/ul>\n<p>Si contin\u00faa navegando significa que acepta su uso. Puede cambiar la configuraci\u00f3n de su navegador para ser avisado de la recepci\u00f3n de cookies en su disco duro o desactivar si lo desea la capacidad de almacenar dichas cookies en su disco duro.<\/p>\n<h3><strong>\u00bfC\u00f3mo se gestionan las cookies?<\/strong><\/h3>\n<p>Puesto que las cookies son archivos de texto normales, se pueden explorar con la mayor\u00eda de editores de texto o programas de procesamiento de texto. Puede hacer clic en una cookie para abrirla. A continuaci\u00f3n, se indica una lista de enlaces sobre c\u00f3mo ver cookies en diferentes navegadores. Si utiliza otro navegador, consulte la informaci\u00f3n sobre cookies en el propio navegador.<\/p>\n<p>Si utiliza un tel\u00e9fono m\u00f3vil, consulte el manual del dispositivo para obtener m\u00e1s informaci\u00f3n.<\/p>\n<p><strong>Firefox<\/strong><\/p>\n<p><a href=\"https:\/\/support.mozilla.org\/en-US\/kb\/cookies-information-websites-store-on-your-computer\" target=\"_blank\" rel=\"noopener\"><strong>https:\/\/support.mozilla.org\/en-US\/kb\/cookies-information-websites-store-on-your-computer<\/strong><\/a><\/p>\n<p><strong>Chrome<\/strong><\/p>\n<p><a href=\"https:\/\/support.google.com\/chrome\/bin\/answer.py?hl=en&amp;answer=95647&amp;topic=14666&amp;ctx=topic\" target=\"_blank\" rel=\"noopener\"><strong>https:\/\/support.google.com\/chrome\/bin\/answer.py?hl=en&amp;answer=95647&amp;topic=14666&amp;ctx=topic<\/strong><\/a><\/p>\n<p><strong>Internet Explorer 8-10<\/strong><\/p>\n<p><a href=\"http:\/\/windows.microsoft.com\/en-US\/internet-explorer\/delete-manage-cookies\" target=\"_blank\" rel=\"noopener\"><strong>http:\/\/windows.microsoft.com\/en-US\/internet-explorer\/delete-manage-cookies<\/strong><\/a><\/p>\n<p><strong>Safari<\/strong><\/p>\n<p><a href=\"http:\/\/support.apple.com\/kb\/ph5042\" target=\"_blank\" rel=\"noopener\"><strong>http:\/\/support.apple.com\/kb\/ph5042<\/strong><\/a><\/p>\n<p><strong>Opera<\/strong><\/p>\n<p><a href=\"http:\/\/help.opera.com\/Windows\/12.00\/es-ES\/cookies.html\" target=\"_blank\" rel=\"noopener\"><strong>http:\/\/help.opera.com\/Windows\/12.00\/es-ES\/cookies.html<\/strong><\/a><\/p>\n<h3>Desactivaci\u00f3n\/activaci\u00f3n o eliminaci\u00f3n de cookies:<\/h3>\n<p>Para restringir o bloquear las cookies, se hace a trav\u00e9s de la configuraci\u00f3n del navegador.<\/p>\n<ul>\n<li>Google Chrome:\u00a0<a href=\"https:\/\/support.google.com\/accounts\/answer\/61416?hl=es\" target=\"_blank\" rel=\"noopener\">https:\/\/support.google.com\/accounts\/answer\/61416?hl=es<\/a><\/li>\n<li>Firefox:\u00a0<a href=\"https:\/\/support.mozilla.org\/es\/kb\/habilitar-y-deshabilitar-cookies-que-los-sitios-we\" target=\"_blank\" rel=\"noopener\">https:\/\/support.mozilla.org\/es\/kb\/habilitar-y-deshabilitar-cookies-que-los-sitios-we<\/a><\/li>\n<li>Internet Explorer:\u00a0<a href=\"http:\/\/windows.microsoft.com\/es-es\/windows-vista\/block-or-allow-cookies\" target=\"_blank\" rel=\"noopener\">http:\/\/windows.microsoft.com\/es-es\/windows-vista\/block-or-allow-cookies<\/a><\/li>\n<\/ul>\n<p>Si no desea que los sitios web pongan ninguna cookie en su equipo, puede adaptar la configuraci\u00f3n del navegador de modo que se le notifique antes de que se coloque ninguna cookie. De igual modo, puede adaptar la configuraci\u00f3n de forma que el navegador rechace todas las cookies, o \u00fanicamente las cookies de terceros. Tambi\u00e9n puede eliminar cualquiera de las cookies que ya se encuentren en el equipo. Tenga en cuenta que tendr\u00e1 que adaptar por separado la configuraci\u00f3n de cada navegador y equipo que utilice.<\/p>\n<p>Tenga en cuenta que si no desea recibir cookies, ya no podremos garantizar que nuestro sitio web funcione debidamente. Puede que algunas funciones del sitio se pierdan y es posible que ya no pueda ver ciertos sitios web. Rechazar las cookies no significa que ya no vaya a ver anuncios publicitarios. Simplemente los anuncios no se ajustar\u00e1n a sus intereses y se repetir\u00e1n con m\u00e1s frecuencia.<\/p>\n<p>Cada navegador posee un m\u00e9todo distinto para adaptar la configuraci\u00f3n. Si fuera necesario, consulte la funci\u00f3n de ayuda del navegador para establecer la configuraci\u00f3n correcta.<\/p>\n<p>Para desactivar las cookies en el tel\u00e9fono m\u00f3vil, consulte el manual del dispositivo para obtener m\u00e1s informaci\u00f3n.<\/p>\n<p>Puede obtener\u00a0<a href=\"http:\/\/www.aboutcookies.org\/\" target=\"_blank\" rel=\"noopener\">m\u00e1s informaci\u00f3n sobre las cookies en Internet<\/a><\/p>\n<p>Teniendo en cuenta la forma en la que funciona Internet y los sitios web, no siempre contamos con informaci\u00f3n de las cookies que colocan terceras partes a trav\u00e9s de nuestro sitio web. Esto se aplica especialmente a casos en los que nuestra p\u00e1gina web contiene lo que se denominan elementos integrados: textos, documentos, im\u00e1genes o breves pel\u00edculas que se almacenan en otra parte, pero se muestran en nuestro sitio web o a trav\u00e9s del mismo.<\/p>\n<p>Por consiguiente, en caso de que se encuentre con este tipo de cookies en este sitio web y no est\u00e9n enumeradas en la lista anterior, le rogamos que nos lo comunique. O bien p\u00f3ngase en contacto directamente con el tercero para pedirle informaci\u00f3n sobre las cookies que coloca, la finalidad y la duraci\u00f3n de la cookie, y c\u00f3mo ha garantizado su privacidad.<\/p>\n<p>Tambi\u00e9n puede consultor las condiciones de uso y<a href=\"https:\/\/mayor25.com\/noticias\/politica-de-privacidad\/\"> pol\u00edticas de privacidad de este sitio desde aqu\u00ed<\/a>.<\/p>\n<\/div><\/section><\/div>\n","protected":false},"excerpt":{"rendered":"","protected":false},"author":2,"featured_media":0,"parent":0,"menu_order":0,"comment_status":"closed","ping_status":"closed","template":"","meta":{"footnotes":""},"class_list":["post-893","page","type-page","status-publish","hentry"],"yoast_head":"<!-- This site is optimized with the Yoast SEO plugin v27.4 - https:\/\/yoast.com\/product\/yoast-seo-wordpress\/ -->\n<title>Pol\u00edtica de Cookies - Noticias Numism\u00e1ticas - Tienda Mayor 25<\/title>\n<meta name=\"robots\" content=\"noindex, follow\" \/>\n<meta property=\"og:locale\" content=\"es_ES\" \/>\n<meta property=\"og:type\" content=\"article\" \/>\n<meta property=\"og:title\" content=\"Pol\u00edtica de Cookies - Noticias Numism\u00e1ticas - Tienda Mayor 25\" \/>\n<meta property=\"og:url\" content=\"https:\/\/mayor25.com\/noticias\/politica-de-cookies\/\" \/>\n<meta property=\"og:site_name\" content=\"Noticias Numism\u00e1ticas - Tienda Mayor 25\" \/>\n<meta property=\"article:modified_time\" content=\"2023-06-13T13:12:42+00:00\" \/>\n<meta name=\"twitter:card\" content=\"summary_large_image\" \/>\n<meta name=\"twitter:label1\" content=\"Tiempo de lectura\" \/>\n\t<meta name=\"twitter:data1\" content=\"5 minutos\" \/>\n<script type=\"application\/ld+json\" class=\"yoast-schema-graph\">{\"@context\":\"https:\\\/\\\/schema.org\",\"@graph\":[{\"@type\":\"WebPage\",\"@id\":\"https:\\\/\\\/mayor25.com\\\/noticias\\\/politica-de-cookies\\\/\",\"url\":\"https:\\\/\\\/mayor25.com\\\/noticias\\\/politica-de-cookies\\\/\",\"name\":\"Pol\u00edtica de Cookies - Noticias Numism\u00e1ticas - Tienda Mayor 25\",\"isPartOf\":{\"@id\":\"https:\\\/\\\/mayor25.com\\\/noticias\\\/#website\"},\"datePublished\":\"2018-07-14T08:54:34+00:00\",\"dateModified\":\"2023-06-13T13:12:42+00:00\",\"breadcrumb\":{\"@id\":\"https:\\\/\\\/mayor25.com\\\/noticias\\\/politica-de-cookies\\\/#breadcrumb\"},\"inLanguage\":\"es\",\"potentialAction\":[{\"@type\":\"ReadAction\",\"target\":[\"https:\\\/\\\/mayor25.com\\\/noticias\\\/politica-de-cookies\\\/\"]}]},{\"@type\":\"BreadcrumbList\",\"@id\":\"https:\\\/\\\/mayor25.com\\\/noticias\\\/politica-de-cookies\\\/#breadcrumb\",\"itemListElement\":[{\"@type\":\"ListItem\",\"position\":1,\"name\":\"Portada\",\"item\":\"https:\\\/\\\/mayor25.com\\\/noticias\\\/\"},{\"@type\":\"ListItem\",\"position\":2,\"name\":\"Pol\u00edtica de Cookies\"}]},{\"@type\":\"WebSite\",\"@id\":\"https:\\\/\\\/mayor25.com\\\/noticias\\\/#website\",\"url\":\"https:\\\/\\\/mayor25.com\\\/noticias\\\/\",\"name\":\"Noticias Numism\u00e1ticas - Tienda Mayor 25\",\"description\":\"Tienda Numism\u00e1tica en Madrid\",\"potentialAction\":[{\"@type\":\"SearchAction\",\"target\":{\"@type\":\"EntryPoint\",\"urlTemplate\":\"https:\\\/\\\/mayor25.com\\\/noticias\\\/?s={search_term_string}\"},\"query-input\":{\"@type\":\"PropertyValueSpecification\",\"valueRequired\":true,\"valueName\":\"search_term_string\"}}],\"inLanguage\":\"es\"}]}<\/script>\n<!-- \/ Yoast SEO plugin. -->","yoast_head_json":{"title":"Pol\u00edtica de Cookies - Noticias Numism\u00e1ticas - Tienda Mayor 25","robots":{"index":"noindex","follow":"follow"},"og_locale":"es_ES","og_type":"article","og_title":"Pol\u00edtica de Cookies - Noticias Numism\u00e1ticas - Tienda Mayor 25","og_url":"https:\/\/mayor25.com\/noticias\/politica-de-cookies\/","og_site_name":"Noticias Numism\u00e1ticas - Tienda Mayor 25","article_modified_time":"2023-06-13T13:12:42+00:00","twitter_card":"summary_large_image","twitter_misc":{"Tiempo de lectura":"5 minutos"},"schema":{"@context":"https:\/\/schema.org","@graph":[{"@type":"WebPage","@id":"https:\/\/mayor25.com\/noticias\/politica-de-cookies\/","url":"https:\/\/mayor25.com\/noticias\/politica-de-cookies\/","name":"Pol\u00edtica de Cookies - Noticias Numism\u00e1ticas - Tienda Mayor 25","isPartOf":{"@id":"https:\/\/mayor25.com\/noticias\/#website"},"datePublished":"2018-07-14T08:54:34+00:00","dateModified":"2023-06-13T13:12:42+00:00","breadcrumb":{"@id":"https:\/\/mayor25.com\/noticias\/politica-de-cookies\/#breadcrumb"},"inLanguage":"es","potentialAction":[{"@type":"ReadAction","target":["https:\/\/mayor25.com\/noticias\/politica-de-cookies\/"]}]},{"@type":"BreadcrumbList","@id":"https:\/\/mayor25.com\/noticias\/politica-de-cookies\/#breadcrumb","itemListElement":[{"@type":"ListItem","position":1,"name":"Portada","item":"https:\/\/mayor25.com\/noticias\/"},{"@type":"ListItem","position":2,"name":"Pol\u00edtica de Cookies"}]},{"@type":"WebSite","@id":"https:\/\/mayor25.com\/noticias\/#website","url":"https:\/\/mayor25.com\/noticias\/","name":"Noticias Numism\u00e1ticas - Tienda Mayor 25","description":"Tienda Numism\u00e1tica en Madrid","potentialAction":[{"@type":"SearchAction","target":{"@type":"EntryPoint","urlTemplate":"https:\/\/mayor25.com\/noticias\/?s={search_term_string}"},"query-input":{"@type":"PropertyValueSpecification","valueRequired":true,"valueName":"search_term_string"}}],"inLanguage":"es"}]}},"_links":{"self":[{"href":"https:\/\/mayor25.com\/noticias\/wp-json\/wp\/v2\/pages\/893","targetHints":{"allow":["GET"]}}],"collection":[{"href":"https:\/\/mayor25.com\/noticias\/wp-json\/wp\/v2\/pages"}],"about":[{"href":"https:\/\/mayor25.com\/noticias\/wp-json\/wp\/v2\/types\/page"}],"author":[{"embeddable":true,"href":"https:\/\/mayor25.com\/noticias\/wp-json\/wp\/v2\/users\/2"}],"replies":[{"embeddable":true,"href":"https:\/\/mayor25.com\/noticias\/wp-json\/wp\/v2\/comments?post=893"}],"version-history":[{"count":5,"href":"https:\/\/mayor25.com\/noticias\/wp-json\/wp\/v2\/pages\/893\/revisions"}],"predecessor-version":[{"id":2458,"href":"https:\/\/mayor25.com\/noticias\/wp-json\/wp\/v2\/pages\/893\/revisions\/2458"}],"wp:attachment":[{"href":"https:\/\/mayor25.com\/noticias\/wp-json\/wp\/v2\/media?parent=893"}],"curies":[{"name":"wp","href":"https:\/\/api.w.org\/{rel}","templated":true}]}}